{"id":3105,"date":"2024-11-18T14:24:51","date_gmt":"2024-11-18T19:24:51","guid":{"rendered":"https:\/\/innovitech.com\/nos-realisations-en-aluminium\/"},"modified":"2024-11-18T14:38:01","modified_gmt":"2024-11-18T19:38:01","slug":"nos-realisations-en-aluminium","status":"publish","type":"page","link":"https:\/\/innovitech.com\/en\/nos-realisations-en-aluminium\/","title":{"rendered":"Our achievements in aluminum"},"content":{"rendered":"  <section class=\"news-carousel-block theme-block alignfull news-carousel-block--no-heading\">\n        <div class=\"news-carousel-block__navigation container\">\n      <div class=\"swiper-button-prev\"><\/div>\n      <div class=\"swiper-button-next\"><\/div>\n    <\/div>\n    <div class=\"news-carousel-block__carousel-wrapper\">\n      <div class=\"news-carousel-block__carousel swiper\">\n        <div class=\"swiper-wrapper\">\n                        <div class=\"post-alt-item swiper-slide\">\n                <a href='https:\/\/innovitech.com\/en\/our_work\/etude-de-veille-sur-les-tendances-et-opportunites-dans-le-secteur-de-laluminium\/' class=\"post-alt-item__inner\">                \n                <div class=\"post-alt-item__content\">\n                  <h2 class=\"post-alt-item__title heading-size-4\">Market watch study on trends and opportunities in the aluminum sector<\/h2>\n                                      <p class=\"post-alt-item__categories\">\n                      <span class=\"category\">Soci\u00e9t\u00e9 de la Vall\u00e9e de l&#039;Aluminium (SVA)<\/span>\n                    <\/p>\n                                  <\/div>\n\n                <div class=\"post-alt-item__overlay\"><\/div>\n                <div class=\"post-alt-item__background\" style=\"background-image:url(https:\/\/innovitech.com\/wp-content\/uploads\/2023\/01\/anton-maksimov-5642-su-qM37iptlCNY-unsplash-scaled.jpg)\"><\/div>\n                <i class=\"post-item__plus-icon\"><\/i>\n\n                <\/a>\n              <\/div>\n                            <div class=\"post-alt-item swiper-slide\">\n                <a href='https:\/\/innovitech.com\/en\/our_work\/etude-dopportunites-pour-une-technologie-de-laminage-de-laluminium-au-quebec\/' class=\"post-alt-item__inner\">                \n                <div class=\"post-alt-item__content\">\n                  <h2 class=\"post-alt-item__title heading-size-4\">Opportunity Study for Aluminum Rolling Technology in Quebec<\/h2>\n                                      <p class=\"post-alt-item__categories\">\n                      <span class=\"category\">Soci\u00e9t\u00e9 de la Vall\u00e9e de l&#039;Aluminium (SVA)<\/span>\n                    <\/p>\n                                  <\/div>\n\n                <div class=\"post-alt-item__overlay\"><\/div>\n                <div class=\"post-alt-item__background\" style=\"background-image:url(https:\/\/innovitech.com\/wp-content\/uploads\/2023\/03\/Sans-titre-78.png)\"><\/div>\n                <i class=\"post-item__plus-icon\"><\/i>\n\n                <\/a>\n              <\/div>\n                            <div class=\"post-alt-item swiper-slide\">\n                <a href='https:\/\/innovitech.com\/en\/our_work\/exploration-du-potentiel-de-symbiose-industrielle-impliquant-les-acteurs-de-laluminium-du-saguenay-lac-saint-jean\/' class=\"post-alt-item__inner\">                \n                <div class=\"post-alt-item__content\">\n                  <h2 class=\"post-alt-item__title heading-size-4\">Exploration of the Potential for Industrial Symbiosis Involving Aluminum Stakeholders in Saguenay-Lac-Saint-Jean<\/h2>\n                                      <p class=\"post-alt-item__categories\">\n                      <span class=\"category\">Soci\u00e9t\u00e9 de la Vall\u00e9e de l&#039;Aluminium (SVA)<\/span>\n                    <\/p>\n                                  <\/div>\n\n                <div class=\"post-alt-item__overlay\"><\/div>\n                <div class=\"post-alt-item__background\" style=\"background-image:url(https:\/\/innovitech.com\/wp-content\/uploads\/2023\/03\/Sans-titre-70.png)\"><\/div>\n                <i class=\"post-item__plus-icon\"><\/i>\n\n                <\/a>\n              <\/div>\n                            <div class=\"post-alt-item swiper-slide\">\n                <a href='https:\/\/innovitech.com\/en\/our_work\/etude-de-marche-des-extrusions-au-quebec\/' class=\"post-alt-item__inner\">                \n                <div class=\"post-alt-item__content\">\n                  <h2 class=\"post-alt-item__title heading-size-4\">Market Study on Aluminum Extrusions in Quebec<\/h2>\n                                      <p class=\"post-alt-item__categories\">\n                      <span class=\"category\">AluQu\u00e9bec<\/span>\n                    <\/p>\n                                  <\/div>\n\n                <div class=\"post-alt-item__overlay\"><\/div>\n                <div class=\"post-alt-item__background\" style=\"background-image:url(https:\/\/innovitech.com\/wp-content\/uploads\/2023\/03\/Sans-titre-73.png)\"><\/div>\n                <i class=\"post-item__plus-icon\"><\/i>\n\n                <\/a>\n              <\/div>\n                            <div class=\"post-alt-item swiper-slide\">\n                <a href='https:\/\/innovitech.com\/en\/our_work\/etude-sur-la-consommation-de-feuilles-et-plaques-daluminium-au-quebec\/' class=\"post-alt-item__inner\">                \n                <div class=\"post-alt-item__content\">\n                  <h2 class=\"post-alt-item__title heading-size-4\">Study on the consumption of aluminum sheets and plates in Quebec<\/h2>\n                                      <p class=\"post-alt-item__categories\">\n                      <span class=\"category\">AluQu\u00e9bec<\/span>\n                    <\/p>\n                                  <\/div>\n\n                <div class=\"post-alt-item__overlay\"><\/div>\n                <div class=\"post-alt-item__background\" style=\"background-image:url(https:\/\/innovitech.com\/wp-content\/uploads\/2023\/03\/Sans-titre-77.png)\"><\/div>\n                <i class=\"post-item__plus-icon\"><\/i>\n\n                <\/a>\n              <\/div>\n                      <\/div>\n      <\/div>\n    <\/div>\n  <\/section>\n  \n\n\n<p><\/p>\n","protected":false},"excerpt":{"rendered":"","protected":false},"author":3,"featured_media":0,"parent":0,"menu_order":0,"comment_status":"closed","ping_status":"closed","template":"","meta":{"_acf_changed":false,"footnotes":""},"class_list":["post-3105","page","type-page","status-publish","hentry"],"acf":[],"_links":{"self":[{"href":"https:\/\/innovitech.com\/en\/wp-json\/wp\/v2\/pages\/3105","targetHints":{"allow":["GET"]}}],"collection":[{"href":"https:\/\/innovitech.com\/en\/wp-json\/wp\/v2\/pages"}],"about":[{"href":"https:\/\/innovitech.com\/en\/wp-json\/wp\/v2\/types\/page"}],"author":[{"embeddable":true,"href":"https:\/\/innovitech.com\/en\/wp-json\/wp\/v2\/users\/3"}],"replies":[{"embeddable":true,"href":"https:\/\/innovitech.com\/en\/wp-json\/wp\/v2\/comments?post=3105"}],"version-history":[{"count":2,"href":"https:\/\/innovitech.com\/en\/wp-json\/wp\/v2\/pages\/3105\/revisions"}],"predecessor-version":[{"id":3108,"href":"https:\/\/innovitech.com\/en\/wp-json\/wp\/v2\/pages\/3105\/revisions\/3108"}],"wp:attachment":[{"href":"https:\/\/innovitech.com\/en\/wp-json\/wp\/v2\/media?parent=3105"}],"curies":[{"name":"wp","href":"https:\/\/api.w.org\/{rel}","templated":true}]}}